{"id":97,"date":"2019-12-28T11:28:42","date_gmt":"2019-12-28T10:28:42","guid":{"rendered":"https:\/\/www.heavytuba.com\/?page_id=97"},"modified":"2024-10-08T13:26:47","modified_gmt":"2024-10-08T11:26:47","slug":"programs","status":"publish","type":"page","link":"https:\/\/www.heavytuba.com\/en\/programs\/","title":{"rendered":"Programs"},"content":{"rendered":"<div class=\"wp-block-group\"><div class=\"wp-block-group__inner-container is-layout-flow wp-block-group-is-layout-flow\"><h1 class=\"has-tertiary-color has-text-color wp-block-heading\">THE BEST OF HEAVY TUBA<strong>&nbsp;&nbsp;&nbsp;&nbsp;&nbsp;&nbsp;&nbsp;&nbsp;&nbsp; <\/strong><\/h1>\n\n<p><\/p>\n\n<p>Das Programm beinhaltet aus dem Schaffen von Heavy Tuba unter anderem Titel wie Zarathustra\u2019s Reincarnation, Theme of Bolero, Helter Skelter, Voodoo Chile, Toccata &#8211; Words &amp; Vocals Dorretta Carter, On The Road &#8211; Words &amp; Vocals Dorretta Carter,   Das gro\u00dfe Tor von Kiew \u2013 Words &amp; Vocals Dorretta Carter \u2026.  <br><\/p>\n\n<p><\/p>\n\n<div class=\"wp-block-group\"><div class=\"wp-block-group__inner-container is-layout-flow wp-block-group-is-layout-flow\"><h1 class=\"has-tertiary-color has-text-color wp-block-heading\">\u201ePICTURES AT AN EXHIBITION\u201c<strong>&nbsp;&nbsp;&nbsp;&nbsp;&nbsp;&nbsp;&nbsp;&nbsp;&nbsp; <\/strong><\/h1>\n\n<p>Komposition: M.P.Mussorgsky<br>Bearbeitung: Helmar Hil <\/p>\n\n<p>Modest Mussorgsky schrieb 1874 die Klaviersuite \u201eBilder einer Ausstellung\u201c unter dem Eindruck einer Ausstellung von Aquarellen und Zeichnungen des russischen Malers und Architekten Victor Hartmann.Mussorgsky\u2019s Klaviersuite interpretiert 10 Arbeiten Hartmann\u2019s. Zus\u00e4tzlich sind f\u00fcnf Promenaden eingef\u00fcgt, welche die verschiedenen Stimmungen des Komponisten einfangen vom Wechsel von einem Bild zum anderen.<br><br>Ich setze mich wie immer bei solchen Bearbeitungen sehr mit dem Komponisten und seinem Werk auseinander. So wird zum Beispiel auf die Dramaturgie und die chronologische Abfolge der Geschichte besonders Bedacht genommen. <br><br>Mit Selbstkomponiertem Material kombiniert und erg\u00e4nzt, werden diese Teile zu einem m\u00f6glichst harmonischen, aber auch abwechslungsreichen, nachvollziehbaren Ganzen zusammengesetzt.<br><br>Musikalisch stilvoll in ein modernes Licht ger\u00fcckt, ohne dabei die alten Traditionen zu leugnen oder gar zu verletzten. Ich m\u00f6chte ein St\u00fcck oder ein Werk nicht einfach &#8220;verjazzen&#8221;, sondern mit respektvollem Umgang ein eigenes Werk schaffen, dass sich auf das Original bezieht.<br><br>Helmar Hill<\/p><\/div><\/div>\n\n<h1 class=\"has-tertiary-color has-text-color wp-block-heading\"> Wagner Project <\/h1>\n\n<p>Helmar Hill setzte sich beim \u201eDer Ring des Nibelungen\u201c, wie immer bei solchen Bearbeitungen, sehr mit dem Komponisten und seinem Werk auseinander.So wird zum Beispiel auf die Dramaturgie und die chronologische Abfolge der Geschichte besonders Bedacht genommen.<br><br>Es werden hierbei Personen, Handlungen, Situationen, Geschichte, Orchesterthemen usw. aus allen 4 Opern (Rheingold-Walk\u00fcre-Siegfried-G\u00f6tterd\u00e4mmerung)  des Wagnerschen Ringes verwendet. <br><br>Als Vorlage dienen CD-Aufnahmen, Orchester-Partituren,Textb\u00fccher, Werkbeschreibungen, nordeurop\u00e4ische Mythologie, usw. Verarbeitet werden verschiedene Leitmotiv-Themen, Ausschnitte aus Gesangs-Parts und diverse Orchester-Themen.<br><br>Mit selbstkomponiertem Material kombiniert und erg\u00e4nzt, werden diese Teile zu einem harmonisch abwechslungsreichen, geschichtlich nachvollziehbaren  Konzertprogramm mit 90 Minuten zusammengesetzt. <br><br>Musikalisch stilvoll in ein modernes Licht ger\u00fcckt, ohne dabei die alten Traditionen zu leugnen oder gar zu verletzten. Helmar Hill m\u00f6chte ein St\u00fcck oder ein Werk nicht einfach &#8220;verjazzen&#8221;, sondern mit respektvollem Umgang ein eigenes Werk schaffen, dass sich auf das Original bezieht.<\/p>\n\n<h1 class=\"has-tertiary-color has-text-color wp-block-heading\">Tribute to The CLUB 27<\/h1>\n\n<p>Als Club 27 wird eine Reihe von Musikern bezeichnet, die im Alter von 27 Jahren starben. Dazu z\u00e4hlen u.a. Jimy Hendrix, Janis Joplin, Jim Morrison, Kurt Cobain und Amy Winehouse. <br><br>Die Idee eines Club 27 erlangte mit dem Tode Kurt Cobain im Jahre 1994 gr\u00f6\u00dfere Bekanntheit. Nach dem Tod der 27-j\u00e4hrigen Amy Winehouse im Juli 2011 wurde der Club 27 abermals intensiv von den Medien behandelt. Ihm wurden bereits mehrere Ausstellungen gewidmet, Filme und B\u00fchnenst\u00fccke greifen das Thema auf. <br><br>Auch Heavy Tuba nimmt sich diesem Thema mit dem neuen Programm \u201eTribute to The Club 27\u201c an. Der Keyboarder und Komponist von Heavy Tuba , Helmar Hill, setzte sich mit  Songs von Janis Joplin, Jimy Hendrix, Jim Morrison, Kurt Cobain und Amy Winehouse  auseinander und bearbeitete mit seinen eigenen  Ideen verbunden, ein anspruchsvolles, kompaktes  Programm, das vor allem die instrumentalistischen Vorz\u00fcge der einzelnen Musiker, die herausragenden Stimmen der beiden Solisten, sowie den gewohnt druckvollen Sound der Band Heavy Tuba in den Vordergrund stellt. <br><br>Die Vocalisten Dorretta Carter und Andie Gabauer  werden mit diesem Powerprogramm als Frontfrau\/-mann die B\u00fchne rocken.<\/p><\/div><\/div>","protected":false},"excerpt":{"rendered":"<p>THE BEST OF HEAVY TUBA&nbsp;&nbsp;&nbsp;&nbsp;&nbsp;&nbsp;&nbsp;&nbsp;&nbsp; Das Programm beinhaltet aus dem Schaffen von Heavy Tuba unter anderem Titel wie Zarathustra\u2019s Reincarnation,&hellip;<\/p>\n","protected":false},"author":1,"featured_media":0,"parent":0,"menu_order":0,"comment_status":"closed","ping_status":"closed","template":"","meta":{"footnotes":""},"class_list":["post-97","page","type-page","status-publish","hentry"],"translation":{"provider":"WPGlobus","version":"3.0.0","language":"en","enabled_languages":["de","en"],"languages":{"de":{"title":true,"content":true,"excerpt":false},"en":{"title":false,"content":false,"excerpt":false}}},"_links":{"self":[{"href":"https:\/\/www.heavytuba.com\/en\/wp-json\/wp\/v2\/pages\/97"}],"collection":[{"href":"https:\/\/www.heavytuba.com\/en\/wp-json\/wp\/v2\/pages"}],"about":[{"href":"https:\/\/www.heavytuba.com\/en\/wp-json\/wp\/v2\/types\/page"}],"author":[{"embeddable":true,"href":"https:\/\/www.heavytuba.com\/en\/wp-json\/wp\/v2\/users\/1"}],"replies":[{"embeddable":true,"href":"https:\/\/www.heavytuba.com\/en\/wp-json\/wp\/v2\/comments?post=97"}],"version-history":[{"count":15,"href":"https:\/\/www.heavytuba.com\/en\/wp-json\/wp\/v2\/pages\/97\/revisions"}],"predecessor-version":[{"id":8353,"href":"https:\/\/www.heavytuba.com\/en\/wp-json\/wp\/v2\/pages\/97\/revisions\/8353"}],"wp:attachment":[{"href":"https:\/\/www.heavytuba.com\/en\/wp-json\/wp\/v2\/media?parent=97"}],"curies":[{"name":"wp","href":"https:\/\/api.w.org\/{rel}","templated":true}]}}