{"id":152,"date":"2019-12-28T12:33:39","date_gmt":"2019-12-28T11:33:39","guid":{"rendered":"https:\/\/www.heavytuba.com\/?page_id=152"},"modified":"2019-12-28T12:34:31","modified_gmt":"2019-12-28T11:34:31","slug":"impressum","status":"publish","type":"page","link":"https:\/\/www.heavytuba.com\/en\/impressum\/","title":{"rendered":"Impressum"},"content":{"rendered":"<h3 class=\"wp-block-heading\">Verantwortlich f\u00fcr den Inhalt,<br>Medieninhaber und Herausgeber:<\/h3><p>Heimo Schmid<br>Ziegelstadl 14<br>4650 Lambach&nbsp;<\/p><h3 class=\"wp-block-heading\">Kontakt:<\/h3><p>Telefon: +43 650 4104132<br>E-Mail:&nbsp;<a href=\"javascript:linkTo_UnCryptMailto('jxfiql7lccfzbXpzejfafpsboibfe+xq');\">office@heavytuba.com<\/a><\/p><h3 class=\"wp-block-heading\">Haftung:<\/h3><p>Wir sind bem\u00fcht, alle ver\u00f6ffentlichten Inhalte so gr\u00fcndlich wie m\u00f6glich zu recherchieren und aktuell zu halten. Dennoch kann keine Gew\u00e4hr f\u00fcr die vollst\u00e4ndige Richtigkeit \u00fcbernommen werden. Eine Haftung f\u00fcr Sch\u00e4den, die sich aus der Verwendung der abgerufenen Informationen und Dienste ergeben, ist ausgeschlossen.<\/p><h3 class=\"wp-block-heading\">Links auf externe Seiten:<\/h3><p>Diese Seite enth\u00e4lt Links und Verweise auf externe Seiten. F\u00fcr fehlerhafte, illegale oder unvollst\u00e4ndige Inhalte, vor allem f\u00fcr Sch\u00e4den durch deren Nutzung, haftet ausschlie\u00dflich der Anbieter der Zielseite!<\/p><h3 class=\"wp-block-heading\">Copyright:<\/h3><p>S\u00e4mtliche auf dieser angebotenen Inhalte unterliegem dem Urheberrecht.<\/p><p>Eine Weiterverwendung bedarf der ausdr\u00fccklichen Zustimmung der Rechteinhaber!<\/p>","protected":false},"excerpt":{"rendered":"<p>Verantwortlich f\u00fcr den Inhalt,Medieninhaber und Herausgeber: Heimo SchmidZiegelstadl 144650 Lambach&nbsp; Kontakt: Telefon: +43 650 4104132E-Mail:&nbsp;office@heavytuba.com Haftung: Wir sind bem\u00fcht, alle&hellip;<\/p>\n","protected":false},"author":1,"featured_media":0,"parent":0,"menu_order":0,"comment_status":"closed","ping_status":"closed","template":"","meta":{"footnotes":""},"class_list":["post-152","page","type-page","status-publish","hentry"],"translation":{"provider":"WPGlobus","version":"3.0.0","language":"en","enabled_languages":["de","en"],"languages":{"de":{"title":true,"content":true,"excerpt":false},"en":{"title":false,"content":false,"excerpt":false}}},"_links":{"self":[{"href":"https:\/\/www.heavytuba.com\/en\/wp-json\/wp\/v2\/pages\/152"}],"collection":[{"href":"https:\/\/www.heavytuba.com\/en\/wp-json\/wp\/v2\/pages"}],"about":[{"href":"https:\/\/www.heavytuba.com\/en\/wp-json\/wp\/v2\/types\/page"}],"author":[{"embeddable":true,"href":"https:\/\/www.heavytuba.com\/en\/wp-json\/wp\/v2\/users\/1"}],"replies":[{"embeddable":true,"href":"https:\/\/www.heavytuba.com\/en\/wp-json\/wp\/v2\/comments?post=152"}],"version-history":[{"count":2,"href":"https:\/\/www.heavytuba.com\/en\/wp-json\/wp\/v2\/pages\/152\/revisions"}],"predecessor-version":[{"id":156,"href":"https:\/\/www.heavytuba.com\/en\/wp-json\/wp\/v2\/pages\/152\/revisions\/156"}],"wp:attachment":[{"href":"https:\/\/www.heavytuba.com\/en\/wp-json\/wp\/v2\/media?parent=152"}],"curies":[{"name":"wp","href":"https:\/\/api.w.org\/{rel}","templated":true}]}}