{"id":148,"date":"2019-12-28T12:29:46","date_gmt":"2019-12-28T11:29:46","guid":{"rendered":"https:\/\/www.heavytuba.com\/?page_id=148"},"modified":"2019-12-28T12:30:27","modified_gmt":"2019-12-28T11:30:27","slug":"datenschutzerklaerung-2","status":"publish","type":"page","link":"https:\/\/www.heavytuba.com\/en\/datenschutzerklaerung-2\/","title":{"rendered":"Datenschutzerkl\u00e4rung"},"content":{"rendered":"<h4 class=\"wp-block-heading\">Grundlegendes<\/h4><h4 class=\"wp-block-heading\">&nbsp;<\/h4><p>Diese Datenschutzerkl\u00e4rung soll die Nutzer\ndieser Website \u00fcber die Art, den Umfang und den Zweck der Erhebung und\nVerwendung personenbezogener Daten durch den Websitebetreiber [Ihre\nKontaktdaten einf\u00fcgen] informieren.<\/p><p>Der Websitebetreiber nimmt Ihren\nDatenschutz sehr ernst und behandelt Ihre personenbezogenen Daten vertraulich\nund entsprechend der gesetzlichen Vorschriften. Da durch neue Technologien und\ndie st\u00e4ndige Weiterentwicklung dieser Webseite \u00c4nderungen an dieser\nDatenschutzerkl\u00e4rung vorgenommen werden k\u00f6nnen, empfehlen wir Ihnen sich die\nDatenschutzerkl\u00e4rung in regelm\u00e4\u00dfigen Abst\u00e4nden wieder durchzulesen.<\/p><p>Definitionen der verwendeten Begriffe\n(z.B. \u201cpersonenbezogene Daten\u201d oder \u201cVerarbeitung\u201d) finden Sie in Art. 4 DSGVO.<\/p><h4 class=\"wp-block-heading\">Zugriffsdaten<\/h4><p>Wir, der Websitebetreiber bzw.\nSeitenprovider, erheben aufgrund unseres berechtigten Interesses (s. Art. 6\nAbs. 1 lit. f. DSGVO) Daten \u00fcber Zugriffe auf die Website und speichern diese\nals \u201eServer-Logfiles\u201c auf dem Server der Website ab. Folgende Daten werden so\nprotokolliert:<\/p><ul class=\"wp-block-list\"><li>Besuchte Website<\/li><li>Uhrzeit zum Zeitpunkt des Zugriffes<\/li><li>Menge der gesendeten Daten in Byte<\/li><li>Quelle\/Verweis, von welchem Sie auf die Seite\ngelangten<\/li><li>Verwendeter Browser<\/li><li>Verwendetes Betriebssystem<\/li><li>Verwendete IP-Adresse<\/li><\/ul><p>Die Server-Logfiles werden f\u00fcr maximal 7\nTage gespeichert und anschlie\u00dfend gel\u00f6scht. Die Speicherung der Daten erfolgt\naus Sicherheitsgr\u00fcnden, um z. B. Missbrauchsf\u00e4lle aufkl\u00e4ren zu k\u00f6nnen. M\u00fcssen\nDaten aus Beweisgr\u00fcnden aufgehoben werden, sind sie solange von der L\u00f6schung\nausgenommen bis der Vorfall endg\u00fcltig gekl\u00e4rt ist.<\/p><h4 class=\"wp-block-heading\">Reichweitenmessung &amp; Cookies<\/h4><h4 class=\"wp-block-heading\">&nbsp;<\/h4><p>Diese Website verwendet Cookies zur\npseudonymisierten Reichweitenmessung, die entweder von unserem Server oder dem\nServer Dritter an den Browser des Nutzers \u00fcbertragen werden. Bei Cookies\nhandelt es sich um kleine Dateien, welche auf Ihrem Endger\u00e4t gespeichert\nwerden. Ihr Browser greift auf diese Dateien zu. Durch den Einsatz von Cookies\nerh\u00f6ht sich die Benutzerfreundlichkeit und Sicherheit dieser Website.<\/p><p>G\u00e4ngige Browser bieten die\nEinstellungsoption, Cookies nicht zuzulassen. Hinweis: Es ist nicht\ngew\u00e4hrleistet, dass Sie auf alle Funktionen dieser Website ohne Einschr\u00e4nkungen\nzugreifen k\u00f6nnen, wenn Sie entsprechende Einstellungen vornehmen.<\/p><p>Erfassung und Verarbeitung\npersonenbezogener Daten<\/p><p>Der Websitebetreiber erhebt, nutzt und\ngibt Ihre personenbezogenen Daten nur dann weiter, wenn dies im gesetzlichen\nRahmen erlaubt ist oder Sie in die Datenerhebung einwilligen.<\/p><p>Als personenbezogene Daten gelten\ns\u00e4mtliche Informationen, welche dazu dienen, Ihre Person zu bestimmen und\nwelche zu Ihnen zur\u00fcckverfolgt werden k\u00f6nnen \u2013 also beispielsweise Ihr Name,\nIhre E-Mail-Adresse und Telefonnummer.<\/p><p>Diese Website k\u00f6nnen Sie auch besuchen,\nohne Angaben zu Ihrer Person zu machen. Zur Verbesserung unseres\nOnline-Angebotes speichern wir jedoch (ohne Personenbezug) Ihre Zugriffsdaten\nauf diese Website. Zu diesen Zugriffsdaten geh\u00f6ren z. B. die von Ihnen\nangeforderte Datei oder der Name Ihres Internet-Providers. Durch die\nAnonymisierung der Daten sind R\u00fcckschl\u00fcsse auf Ihre Person nicht m\u00f6glich. <\/p><p><em>Beispiele:<\/em><\/p><p><strong>Umgang mit\nKontaktdaten<\/strong><\/p><p>Nehmen Sie mit uns als Websitebetreiber\ndurch die angebotenen Kontaktm\u00f6glichkeiten Verbindung auf, werden Ihre Angaben\ngespeichert, damit auf diese zur Bearbeitung und Beantwortung Ihrer Anfrage\nzur\u00fcckgegriffen werden kann. Ohne Ihre Einwilligung werden diese Daten nicht an\nDritte weitergegeben.<\/p><p><strong>Umgang mit\nKommentaren und Beitr\u00e4gen<\/strong><\/p><p>Hinterlassen Sie auf dieser Website\neinen Beitrag oder Kommentar, wird Ihre IP-Adresse gespeichert. Dies erfolgt\naufgrund unserer berechtigten Interessen im Sinne des Art. 6 Abs. 1 lit. f.\nDSGVO und dient der Sicherheit von uns als Websitebetreiber: Denn sollte Ihr\nKommentar gegen geltendes Recht versto\u00dfen, k\u00f6nnen wir daf\u00fcr belangt werden,\nweshalb wir ein Interesse an der Identit\u00e4t des Kommentar- bzw. Beitragsautors\nhaben.<\/p><p><strong>Google Analytics<\/strong><\/p><p>Diese Website nutzt aufgrund unserer\nberechtigten Interessen zur Optimierung und Analyse unseres Online-Angebots im\nSinne des Art. 6 Abs. 1 lit. f. DSGVO den Dienst \u201eGoogle Analytics\u201c, welcher\nvon der Google Inc. (1600 Amphitheatre Parkway Mountain View, CA 94043, USA)\nangeboten wird. Der Dienst (Google Analytics) verwendet \u201eCookies\u201c \u2013\nTextdateien, welche auf Ihrem Endger\u00e4t gespeichert werden. Die durch die\nCookies gesammelten Informationen werden im Regelfall an einen Google-Server in\nden USA gesandt und dort gespeichert.<\/p><p>Google LLC h\u00e4lt das europ\u00e4ische\nDatenschutzrecht ein und ist unter dem Privacy-Shield-Abkommen zertifiziert: <a href=\"https:\/\/www.privacyshield.gov\/participant?id=a2zt000000001L5AAI&amp;status=Active\">https:\/\/www.privacyshield.gov\/participant?id=a2zt000000001L5AAI&amp;status=Active<\/a><\/p><p>Auf dieser Website greift die\nIP-Anonymisierung. Die IP-Adresse der Nutzer wird innerhalb der\nMitgliedsstaaten der EU und des Europ\u00e4ischen Wirtschaftsraum und in den anderen\nVertragsstaaten des Abkommens gek\u00fcrzt. Nur in Einzelf\u00e4llen wird die IP-Adresse\nzun\u00e4chst ungek\u00fcrzt in die USA an einen Server von Google \u00fcbertragen und dort\ngek\u00fcrzt. Durch diese K\u00fcrzung entf\u00e4llt der Personenbezug Ihrer IP-Adresse. Die\nvom Browser \u00fcbermittelte IP-Adresse des Nutzers wird nicht mit anderen von\nGoogle gespeicherten Daten kombiniert.<\/p><p>Im Rahmen der Vereinbarung zur\nAuftragsdatenvereinbarung, welche wir als Websitebetreiber mit der Google Inc. geschlossen\nhaben, erstellt diese mithilfe der gesammelten Informationen eine Auswertung\nder Websitenutzung und der Websiteaktivit\u00e4t und erbringt mit der\nInternetnutzung verbundene Dienstleistungen.<\/p><p>Die von Google in unserem Auftrag\nerhobenen Daten werden genutzt, um die Nutzung unseres Online-Angebots durch\ndie einzelnen Nutzer auswerten zu k\u00f6nnen, z. B. um Reports \u00fcber die Aktivit\u00e4t\nauf der Website zu erstellen, um unser Online-Angebot zu verbessern.<\/p><p>Sie haben die M\u00f6glichkeit, die\nSpeicherung der Cookies auf Ihrem Ger\u00e4t zu verhindern, indem Sie in Ihrem\nBrowser entsprechende Einstellungen vornehmen. Es ist nicht gew\u00e4hrleistet, dass\nSie auf alle Funktionen dieser Website ohne Einschr\u00e4nkungen zugreifen k\u00f6nnen,\nwenn Ihr Browser keine Cookies zul\u00e4sst.<\/p><p>Weiterhin k\u00f6nnen Sie durch ein\nBrowser-Plugin verhindern, dass die durch Cookies gesammelten Informationen\n(inklusive Ihrer IP-Adresse) an die Google Inc. gesendet und von der Google\nInc. genutzt werden. Folgender Link f\u00fchrt Sie zu dem entsprechenden Plugin: <a href=\"https:\/\/tools.google.com\/dlpage\/gaoptout?hl=de\">https:\/\/tools.google.com\/dlpage\/gaoptout?hl=de<\/a><\/p><p>Alternativ verhindern Sie mit einem\nKlick auf diesen Link (WICHTIG: Opt-Out-Link einf\u00fcgen), dass Google Analytics\ninnerhalb dieser Website Daten \u00fcber Sie erfasst. Mit dem Klick auf obigen Link\nladen Sie ein \u201eOpt-Out-Cookie\u201c herunter. Ihr Browser muss die Speicherung von\nCookies also hierzu grunds\u00e4tzlich erlauben. L\u00f6schen Sie Ihre Cookies\nregelm\u00e4\u00dfig, ist ein erneuter Klick auf den Link bei jedem Besuch dieser Website\nvonn\u00f6ten.<\/p><p>Hier finden Sie weitere Informationen\nzur Datennutzung durch die Google Inc.: <\/p><ul class=\"wp-block-list\"><li><a href=\"https:\/\/policies.google.com\/privacy\/partners?hl=de\">https:\/\/policies.google.com\/privacy\/partners?hl=de<\/a> (Daten, die\nvon Google-Partnern erhoben werden)<\/li><li><a href=\"https:\/\/adssettings.google.de\/authenticated\">https:\/\/adssettings.google.de\/authenticated<\/a> (Einstellungen\n\u00fcber Werbung, die Ihnen angezeigt wird)<\/li><li><a href=\"https:\/\/policies.google.com\/technologies\/ads?hl=de\">https:\/\/policies.google.com\/technologies\/ads?hl=de<\/a> (Verwendung\nvon Cookies in Anzeigen)<\/li><\/ul><p>Nutzen Sie die Funktionen des Plugins \u2013\netwa indem Sie einen Beitrag teilen oder \u201eliken\u201c \u2013, werden die entsprechenden\nInformationen ebenfalls an die Facebook Inc. \u00fcbermittelt.<\/p><p><strong>Newsletter-Abonnement<\/strong><\/p><p>Der Websitebetreiber bietet Ihnen einen\nNewsletter an, in welchem er Sie \u00fcber aktuelle Geschehnisse und Angebote\ninformiert. M\u00f6chten Sie den Newsletter abonnieren, m\u00fcssen Sie eine valide\nE-Mail-Adresse angeben. Wenn Sie den Newsletter abonnieren, erkl\u00e4ren Sie sich\nmit dem Newsletter-Empfang und den erl\u00e4uterten Verfahren einverstanden.<\/p><p>Der Newsletterversand erfolgt durch den\nVersanddienstleister XY, einer Versandplattform des Anbieters ABC,\nBeispielstra\u00dfe 5, 12345 Beispielstadt, Deutschland. Informationen \u00fcber die\nDatenschutzbestimmungen des Versanddienstleisters erhalten Sie unter: beispiel-XY.de\/datenschutz.<\/p><p>Widerruf und K\u00fcndigung: Ihre\nEinwilligung zum Erhalt des Newsletter k\u00f6nnen Sie jederzeit widerrufen und\nsomit das Newsletter-Abonnement k\u00fcndigen. Nach Ihrer K\u00fcndigung erfolgt die\nL\u00f6schung Ihre personenbezogenen Daten. Ihre Einwilligung in den\nNewsletterversand erlischt gleichzeitig. Am Ende jedes Newsletters finden Sie\nden Link zur K\u00fcndigung.<\/p><p><strong>Rechte des Nutzers<\/strong><\/p><p>Sie haben als Nutzer das Recht, auf\nAntrag eine kostenlose Auskunft dar\u00fcber zu erhalten, welche personenbezogenen\nDaten \u00fcber Sie gespeichert wurden. Sie haben au\u00dferdem das Recht auf\nBerichtigung falscher Daten und auf die Verarbeitungseinschr\u00e4nkung oder\nL\u00f6schung Ihrer personenbezogenen Daten. Falls zutreffend, k\u00f6nnen Sie auch Ihr\nRecht auf Datenportabilit\u00e4t geltend machen. Sollten Sie annehmen, dass Ihre\nDaten unrechtm\u00e4\u00dfig verarbeitet wurden, k\u00f6nnen Sie eine Beschwerde bei der\nzust\u00e4ndigen Aufsichtsbeh\u00f6rde einreichen.<\/p><p><strong>L\u00f6schung\nvon Daten<\/strong><\/p><p>Sofern Ihr Wunsch nicht mit einer\ngesetzlichen Pflicht zur Aufbewahrung von Daten (z. B. Vorratsdatenspeicherung)\nkollidiert, haben Sie ein Anrecht auf L\u00f6schung Ihrer Daten. Von uns\ngespeicherte Daten werden, sollten sie f\u00fcr ihre Zweckbestimmung nicht mehr\nvonn\u00f6ten sein und es keine gesetzlichen Aufbewahrungsfristen geben, gel\u00f6scht.\nFalls eine L\u00f6schung nicht durchgef\u00fchrt werden kann, da die Daten f\u00fcr zul\u00e4ssige\ngesetzliche Zwecke erforderlich sind, erfolgt eine Einschr\u00e4nkung der Datenverarbeitung.\nIn diesem Fall werden die Daten gesperrt und nicht f\u00fcr andere Zwecke\nverarbeitet.<\/p><h4 class=\"wp-block-heading\">&nbsp;<\/h4><h4 class=\"wp-block-heading\">Widerspruchsrecht<\/h4><h4 class=\"wp-block-heading\">&nbsp;<\/h4><p>Nutzer dieser Webseite k\u00f6nnen von ihrem\nWiderspruchsrecht Gebrauch machen und der Verarbeitung ihrer personenbezogenen\nDaten zu jeder Zeit widersprechen. <\/p><p>Wenn Sie eine Berichtigung, Sperrung,\nL\u00f6schung oder Auskunft \u00fcber die zu Ihrer Person gespeicherten personenbezogenen\nDaten w\u00fcnschen oder Fragen bzgl. der Erhebung, Verarbeitung oder Verwendung\nIhrer personenbezogenen Daten haben oder erteilte Einwilligungen widerrufen\nm\u00f6chten, wenden Sie sich bitte an folgende E-Mail-Adresse: [E-Mail-Adresse\neinf\u00fcgen]<\/p><p><em>Dazu\ngeh\u00f6ren beispielsweise Informationen \u00fcber (Liste ist nicht vollst\u00e4ndig):<\/em><\/p>","protected":false},"excerpt":{"rendered":"<p>Grundlegendes &nbsp; Diese Datenschutzerkl\u00e4rung soll die Nutzer dieser Website \u00fcber die Art, den Umfang und den Zweck der Erhebung und&hellip;<\/p>\n","protected":false},"author":1,"featured_media":0,"parent":0,"menu_order":0,"comment_status":"closed","ping_status":"closed","template":"","meta":{"footnotes":""},"class_list":["post-148","page","type-page","status-publish","hentry"],"translation":{"provider":"WPGlobus","version":"3.0.0","language":"en","enabled_languages":["de","en"],"languages":{"de":{"title":true,"content":true,"excerpt":false},"en":{"title":false,"content":false,"excerpt":false}}},"_links":{"self":[{"href":"https:\/\/www.heavytuba.com\/en\/wp-json\/wp\/v2\/pages\/148"}],"collection":[{"href":"https:\/\/www.heavytuba.com\/en\/wp-json\/wp\/v2\/pages"}],"about":[{"href":"https:\/\/www.heavytuba.com\/en\/wp-json\/wp\/v2\/types\/page"}],"author":[{"embeddable":true,"href":"https:\/\/www.heavytuba.com\/en\/wp-json\/wp\/v2\/users\/1"}],"replies":[{"embeddable":true,"href":"https:\/\/www.heavytuba.com\/en\/wp-json\/wp\/v2\/comments?post=148"}],"version-history":[{"count":1,"href":"https:\/\/www.heavytuba.com\/en\/wp-json\/wp\/v2\/pages\/148\/revisions"}],"predecessor-version":[{"id":149,"href":"https:\/\/www.heavytuba.com\/en\/wp-json\/wp\/v2\/pages\/148\/revisions\/149"}],"wp:attachment":[{"href":"https:\/\/www.heavytuba.com\/en\/wp-json\/wp\/v2\/media?parent=148"}],"curies":[{"name":"wp","href":"https:\/\/api.w.org\/{rel}","templated":true}]}}